{"id":69,"date":"2025-10-19T17:41:09","date_gmt":"2025-10-19T17:41:09","guid":{"rendered":"https:\/\/hiljainenvoima.fi\/?page_id=69"},"modified":"2025-10-19T17:41:09","modified_gmt":"2025-10-19T17:41:09","slug":"etusivu","status":"publish","type":"page","link":"https:\/\/hiljainenvoima.fi\/","title":{"rendered":"Etusivu"},"content":{"rendered":"\n<p>Tervetuloa sivustollesi! T\u00e4m\u00e4 on etusivusi, jonka suurin osa sivustosi vierailijoista n\u00e4kee saapuessaan sivustollesi ensimm\u00e4ist\u00e4 kertaa.<\/p>\n","protected":false},"excerpt":{"rendered":"<p>Tervetuloa sivustollesi! T\u00e4m\u00e4 on etusivusi, jonka suurin osa sivustosi vierailijoista n\u00e4kee saapuessaan sivustollesi ensimm\u00e4ist\u00e4 kertaa.<\/p>\n","protected":false},"author":1,"featured_media":0,"parent":0,"menu_order":0,"comment_status":"closed","ping_status":"closed","template":"","meta":{"footnotes":""},"class_list":["post-69","page","type-page","status-publish","hentry"],"_links":{"self":[{"href":"https:\/\/hiljainenvoima.fi\/index.php?rest_route=\/wp\/v2\/pages\/69","targetHints":{"allow":["GET"]}}],"collection":[{"href":"https:\/\/hiljainenvoima.fi\/index.php?rest_route=\/wp\/v2\/pages"}],"about":[{"href":"https:\/\/hiljainenvoima.fi\/index.php?rest_route=\/wp\/v2\/types\/page"}],"author":[{"embeddable":true,"href":"https:\/\/hiljainenvoima.fi\/index.php?rest_route=\/wp\/v2\/users\/1"}],"replies":[{"embeddable":true,"href":"https:\/\/hiljainenvoima.fi\/index.php?rest_route=%2Fwp%2Fv2%2Fcomments&post=69"}],"version-history":[{"count":1,"href":"https:\/\/hiljainenvoima.fi\/index.php?rest_route=\/wp\/v2\/pages\/69\/revisions"}],"predecessor-version":[{"id":80,"href":"https:\/\/hiljainenvoima.fi\/index.php?rest_route=\/wp\/v2\/pages\/69\/revisions\/80"}],"wp:attachment":[{"href":"https:\/\/hiljainenvoima.fi\/index.php?rest_route=%2Fwp%2Fv2%2Fmedia&parent=69"}],"curies":[{"name":"wp","href":"https:\/\/api.w.org\/{rel}","templated":true}]}}